{"id":283,"date":"2022-12-01T15:09:03","date_gmt":"2022-12-01T15:09:03","guid":{"rendered":"https:\/\/24express.eu\/express-delivery\/"},"modified":"2023-12-07T06:46:29","modified_gmt":"2023-12-07T06:46:29","slug":"kiirkuller","status":"publish","type":"page","link":"https:\/\/24express.eu\/et\/kiirkuller\/","title":{"rendered":"Kiirkuller"},"content":{"rendered":"\n<p>Kiirkullervedu on teenus, mis on m\u00f5eldud ajatundlike k\u00f5rget v\u00e4\u00e4rtust omavate saadetiste transportimiseks. Transpordiprotsessis \u00fchest riigist teise ei hoiustata kaupu terminalides pikaajaliselt, vaid saadetised transporditakse saatjalt saajani minimaalse ajakuluga.<\/p>\n<p>Transpordiviis valitakse vastavalt vajadusele ning v\u00f5imalustele. Enamjaolt kasutatakse lennu- ja maanteetranspordi kombineeritud lahendusi. Iseloomulikuks tunnusteks on paindlikkus, tellimusega tegeleb \u00fcks kindel isik, kes omab selget \u00fclevaadet transpordiprotsessist ning teenus katab business to business vajadusi.<\/p>\n<p><strong>\u00dclemaailmselt omame h\u00e4id partnereid 180-s riigis!<\/strong><\/p>\n<h2>Kiireim rahvusvaheline kullerteenus Eestis!<\/h2>\n<ul class=\"bullets\">\n<li>Pakkide toimetamine \u00fcle Soome <strong>samal p\u00e4eval<\/strong><\/li>\n<li>Pakkide toimetamine Skandinaaviasse<strong> 3-14 tundi<\/strong><\/li>\n<li>Pakkide toimetamine Euroopa suurematesse linnadesse <strong>3-14 tundi<\/strong><\/li>\n<li>Pakkide toimetamine \u00fcle maailma <strong>48 tundi<\/strong><\/li>\n<li>Pakkide toimetamine \u00fcle Eesti<strong> samal p\u00e4eval.<\/strong><\/li>\n<\/ul>\n","protected":false},"excerpt":{"rendered":"","protected":false},"author":2,"featured_media":0,"parent":0,"menu_order":0,"comment_status":"closed","ping_status":"closed","template":"","meta":{"footnotes":""},"class_list":["post-283","page","type-page","status-publish","hentry"],"_links":{"self":[{"href":"https:\/\/24express.eu\/et\/wp-json\/wp\/v2\/pages\/283","targetHints":{"allow":["GET"]}}],"collection":[{"href":"https:\/\/24express.eu\/et\/wp-json\/wp\/v2\/pages"}],"about":[{"href":"https:\/\/24express.eu\/et\/wp-json\/wp\/v2\/types\/page"}],"author":[{"embeddable":true,"href":"https:\/\/24express.eu\/et\/wp-json\/wp\/v2\/users\/2"}],"replies":[{"embeddable":true,"href":"https:\/\/24express.eu\/et\/wp-json\/wp\/v2\/comments?post=283"}],"version-history":[{"count":3,"href":"https:\/\/24express.eu\/et\/wp-json\/wp\/v2\/pages\/283\/revisions"}],"predecessor-version":[{"id":292,"href":"https:\/\/24express.eu\/et\/wp-json\/wp\/v2\/pages\/283\/revisions\/292"}],"wp:attachment":[{"href":"https:\/\/24express.eu\/et\/wp-json\/wp\/v2\/media?parent=283"}],"curies":[{"name":"wp","href":"https:\/\/api.w.org\/{rel}","templated":true}]}}