{"id":305,"date":"2022-12-01T15:09:31","date_gmt":"2022-12-01T15:09:31","guid":{"rendered":"https:\/\/24express.eu\/support-service\/"},"modified":"2023-12-11T09:24:17","modified_gmt":"2023-12-11T09:24:17","slug":"tugiteenused","status":"publish","type":"page","link":"https:\/\/24express.eu\/et\/tugiteenused\/","title":{"rendered":"Tugiteenused"},"content":{"rendered":"\n<p>24EXPRESS TRANSPORT &#038; LOGISTICS O\u00dc on tuntud kiire rahvusvahelise kullerteenuse poolest, kuid lisaks sellele pakume oma klientidele integreeritud logistika t\u00e4isteenust sealhulgas nii tolliteenuseid kui ka ladustamist.<\/p>\n<h2>Laoteenused<\/h2>\n<p dir=\"ltr\">Pakume ladustamisteenuseid Tallinnas meie esinduses.<\/p>\n<p dir=\"ltr\">Kaubad laos on kindlustatud laopidaja vastutuskindlustusega vastavalt&nbsp;<a href=\"http:\/\/www.elea.ee\/elea-laopidajate-ueldtingmiused.html\" target=\"_blank\" rel=\"noopener nofollow\">ELEA Ladustamise \u00dcldtingimustele.<\/a><\/p>\n<p><strong>PAKUTAVAD LAOTEENUSED:<\/strong><\/p>\n<ul class=\"bullets\">\n<li>Kaupade vastuv\u00f5tt transpordivahendilt<\/li>\n<li>Kauba koguse ja seisukorra kontroll<\/li>\n<li>Kauba arvele v\u00f5tmine<\/li>\n<li>Kauba komplekteerimine<\/li>\n<li>Kauba v\u00e4ljastamine.<\/li>\n<\/ul>\n<p>Kui soovid rohkem infot meie tugiteenuste kohta siis t\u00e4ida p\u00e4ringuvorm v\u00f5i helista <a href=\"http:\/\/+3726464007\" data-wplink-url-error=\"true\" rel=\"nofollow\" target=\"_blank\">+372 64 64 007<\/a><\/p>\n\n\n","protected":false},"excerpt":{"rendered":"","protected":false},"author":2,"featured_media":0,"parent":0,"menu_order":0,"comment_status":"closed","ping_status":"closed","template":"","meta":{"footnotes":""},"class_list":["post-305","page","type-page","status-publish","hentry"],"_links":{"self":[{"href":"https:\/\/24express.eu\/et\/wp-json\/wp\/v2\/pages\/305","targetHints":{"allow":["GET"]}}],"collection":[{"href":"https:\/\/24express.eu\/et\/wp-json\/wp\/v2\/pages"}],"about":[{"href":"https:\/\/24express.eu\/et\/wp-json\/wp\/v2\/types\/page"}],"author":[{"embeddable":true,"href":"https:\/\/24express.eu\/et\/wp-json\/wp\/v2\/users\/2"}],"replies":[{"embeddable":true,"href":"https:\/\/24express.eu\/et\/wp-json\/wp\/v2\/comments?post=305"}],"version-history":[{"count":4,"href":"https:\/\/24express.eu\/et\/wp-json\/wp\/v2\/pages\/305\/revisions"}],"predecessor-version":[{"id":385,"href":"https:\/\/24express.eu\/et\/wp-json\/wp\/v2\/pages\/305\/revisions\/385"}],"wp:attachment":[{"href":"https:\/\/24express.eu\/et\/wp-json\/wp\/v2\/media?parent=305"}],"curies":[{"name":"wp","href":"https:\/\/api.w.org\/{rel}","templated":true}]}}