{"id":313,"date":"2022-12-01T15:09:46","date_gmt":"2022-12-01T15:09:46","guid":{"rendered":"https:\/\/24express.eu\/company\/"},"modified":"2023-12-11T09:20:44","modified_gmt":"2023-12-11T09:20:44","slug":"ettevottest","status":"publish","type":"page","link":"https:\/\/24express.eu\/et\/ettevottest\/","title":{"rendered":"Ettev\u00f5ttest"},"content":{"rendered":"\n<h2>SINU LOGISTIKAPARTNER MAAILMAS<\/h2>\n<p>24EXPRESS TRANSPORT &amp; LOGISTICS O\u00dc on transpordi ning logistikaettev\u00f5te, mis pakub oma klientidele mitmek\u00fclgseid maa-ning \u00f5hutranspordi lahendusi. Meid teeb tuntuks ekspresslogistika, mis tagab klientidele kiireima pakkide transpordi ukselt uksele vaid loetud tundidega.<\/p>\n<p>Pakume rahvusvahelist kullerteenust, mis p\u00f5hineb \u00fclemaailmsel lennuv\u00f5rgul ja pakub kiireid veolahendusi. Valida on erineva kiiruse ja hinnatasemega teenuste vahel. Kuulume logistikav\u00f5rgustikku, kus meie partnerite esinduste v\u00f5rk katab nii Skandinaavia kui ka Baltikumi linnad. \u00dclemaailmselt omame h\u00e4id partnereid 180-s riigis.<\/p>\n<h3>OLEME SERTIFITSEERITUD:<\/h3>\n<p>Rahvusvahelise \u00d5hutranspordi Assotsiatsiooni (IATA) kaubaveoagent.<\/p>\n\n","protected":false},"excerpt":{"rendered":"","protected":false},"author":2,"featured_media":0,"parent":0,"menu_order":0,"comment_status":"closed","ping_status":"closed","template":"","meta":{"footnotes":""},"class_list":["post-313","page","type-page","status-publish","hentry"],"_links":{"self":[{"href":"https:\/\/24express.eu\/et\/wp-json\/wp\/v2\/pages\/313","targetHints":{"allow":["GET"]}}],"collection":[{"href":"https:\/\/24express.eu\/et\/wp-json\/wp\/v2\/pages"}],"about":[{"href":"https:\/\/24express.eu\/et\/wp-json\/wp\/v2\/types\/page"}],"author":[{"embeddable":true,"href":"https:\/\/24express.eu\/et\/wp-json\/wp\/v2\/users\/2"}],"replies":[{"embeddable":true,"href":"https:\/\/24express.eu\/et\/wp-json\/wp\/v2\/comments?post=313"}],"version-history":[{"count":4,"href":"https:\/\/24express.eu\/et\/wp-json\/wp\/v2\/pages\/313\/revisions"}],"predecessor-version":[{"id":381,"href":"https:\/\/24express.eu\/et\/wp-json\/wp\/v2\/pages\/313\/revisions\/381"}],"wp:attachment":[{"href":"https:\/\/24express.eu\/et\/wp-json\/wp\/v2\/media?parent=313"}],"curies":[{"name":"wp","href":"https:\/\/api.w.org\/{rel}","templated":true}]}}