{"id":432,"date":"2025-06-26T06:28:33","date_gmt":"2025-06-26T06:28:33","guid":{"rendered":"https:\/\/24express.eu\/eis\/"},"modified":"2025-06-26T06:29:04","modified_gmt":"2025-06-26T06:29:04","slug":"eis","status":"publish","type":"page","link":"https:\/\/24express.eu\/ru\/eis\/","title":{"rendered":"EIS"},"content":{"rendered":"\n<p>Projekti eesm\u00e4rk on arendada tarkvaralahendus, mis v\u00f5imaldab ettev\u00f5tte infos\u00fcsteemil liidestuda e-veoselehe platvormiga. Toetatav tegevus h\u00f5lmab eCMR andmevahetusteenuse kasutamiseks vajaliku liidestuse loomist. e-veoseleht on digitaliseeritud veoseleht, mis vastab k\u00f5ikidele veodokumendile esitatavatele n\u00f5uetele. Projekti tulemusel saavutatakse sujuv ja automaatne andmevahetus e-veoselehe platvormiga. Toetuse summa: 15 000,00 eurot.<\/p>\n","protected":false},"excerpt":{"rendered":"<p>Projekti eesm\u00e4rk on arendada tarkvaralahendus, mis v\u00f5imaldab ettev\u00f5tte infos\u00fcsteemil liidestuda e-veoselehe platvormiga. Toetatav tegevus h\u00f5lmab eCMR andmevahetusteenuse kasutamiseks vajaliku liidestuse loomist. e-veoseleht on digitaliseeritud veoseleht, mis vastab k\u00f5ikidele veodokumendile esitatavatele n\u00f5uetele. Projekti tulemusel saavutatakse sujuv ja automaatne andmevahetus e-veoselehe platvormiga. Toetuse summa: 15 000,00 eurot.<\/p>\n","protected":false},"author":2,"featured_media":0,"parent":0,"menu_order":0,"comment_status":"closed","ping_status":"closed","template":"","meta":{"footnotes":""},"class_list":["post-432","page","type-page","status-publish","hentry"],"_links":{"self":[{"href":"https:\/\/24express.eu\/ru\/wp-json\/wp\/v2\/pages\/432","targetHints":{"allow":["GET"]}}],"collection":[{"href":"https:\/\/24express.eu\/ru\/wp-json\/wp\/v2\/pages"}],"about":[{"href":"https:\/\/24express.eu\/ru\/wp-json\/wp\/v2\/types\/page"}],"author":[{"embeddable":true,"href":"https:\/\/24express.eu\/ru\/wp-json\/wp\/v2\/users\/2"}],"replies":[{"embeddable":true,"href":"https:\/\/24express.eu\/ru\/wp-json\/wp\/v2\/comments?post=432"}],"version-history":[{"count":1,"href":"https:\/\/24express.eu\/ru\/wp-json\/wp\/v2\/pages\/432\/revisions"}],"predecessor-version":[{"id":434,"href":"https:\/\/24express.eu\/ru\/wp-json\/wp\/v2\/pages\/432\/revisions\/434"}],"wp:attachment":[{"href":"https:\/\/24express.eu\/ru\/wp-json\/wp\/v2\/media?parent=432"}],"curies":[{"name":"wp","href":"https:\/\/api.w.org\/{rel}","templated":true}]}}